{"id":72,"date":"2020-11-03T21:22:19","date_gmt":"2020-11-03T20:22:19","guid":{"rendered":"https:\/\/www.happybeezz.fr\/?page_id=72"},"modified":"2020-11-10T13:01:21","modified_gmt":"2020-11-10T12:01:21","slug":"ruche-coquelicot","status":"publish","type":"page","link":"https:\/\/www.happybeezz.fr\/index.php\/catalogue-des-ruches\/ruche-coquelicot\/","title":{"rendered":"Ruche Coquelicot"},"content":{"rendered":"\n<div class=\"wp-block-group\"><div class=\"wp-block-group__inner-container\">\n<p><\/p>\n\n\n\n<p class=\"has-text-align-center\"><span class=\"has-inline-color has-vivid-green-cyan-color\"><strong>Reste 30 000 Abeilles<\/strong><\/span> <\/p>\n<\/div><\/div>\n\n\n\n<div class=\"wp-block-columns\">\n<div class=\"wp-block-column\" style=\"flex-basis:25%\"><\/div>\n\n\n\n<div class=\"wp-block-column\" style=\"flex-basis:50%\">\n<p class=\"has-text-align-center\">En attente des derniers parrainages pour cr\u00e9er cette ruche.<\/p>\n<\/div>\n\n\n\n<div class=\"wp-block-column\" style=\"flex-basis:25%\"><\/div>\n<\/div>\n\n\n\n<p>Le coquelicot, est une plante herbac\u00e9e annuelle de la famille des papav\u00e9rac\u00e9es. Il est commun\u00e9ment connu \u00e9galement sous le nom de pavot rouge, pavot coquelicot et ponceau.<\/p>\n\n\n\n<p>Les abeilles sont tr\u00e8s attir\u00e9es par le coquelicot, non pas pour son nectar, parce qu\u2019il n\u2019en s\u00e9cr\u00e8te pas, mais pour son pollen, produit en grande quantit\u00e9.  Les abeille en sont pas guid\u00e9es par sa couleur rouge, parce que imperceptible par ces insectes. Ce sont plut\u00f4t les rayons UV r\u00e9fl\u00e9chis de mani\u00e8re intensive par les p\u00e9tales.<\/p>\n\n\n\n<div class=\"wp-block-columns\">\n<div class=\"wp-block-column\">\n<figure class=\"wp-block-image size-large\"><img loading=\"lazy\" width=\"1885\" height=\"1414\" src=\"https:\/\/www.happybeezz.fr\/wp-content\/uploads\/2020\/11\/coquelicot-2-edited.jpg\" alt=\"\" class=\"wp-image-356\" srcset=\"https:\/\/www.happybeezz.fr\/wp-content\/uploads\/2020\/11\/coquelicot-2-edited.jpg 1885w, https:\/\/www.happybeezz.fr\/wp-content\/uploads\/2020\/11\/coquelicot-2-edited-300x225.jpg 300w, https:\/\/www.happybeezz.fr\/wp-content\/uploads\/2020\/11\/coquelicot-2-edited-1024x768.jpg 1024w, https:\/\/www.happybeezz.fr\/wp-content\/uploads\/2020\/11\/coquelicot-2-edited-768x576.jpg 768w, https:\/\/www.happybeezz.fr\/wp-content\/uploads\/2020\/11\/coquelicot-2-edited-1536x1152.jpg 1536w\" sizes=\"(max-width: 1885px) 100vw, 1885px\" \/><figcaption>Coquelicot<\/figcaption><\/figure>\n<\/div>\n\n\n\n<div class=\"wp-block-column\">\n<figure class=\"wp-block-image size-large\"><img loading=\"lazy\" width=\"800\" height=\"600\" src=\"https:\/\/www.happybeezz.fr\/wp-content\/uploads\/2020\/11\/coquelicot_abeille-edited.jpg\" alt=\"\" class=\"wp-image-355\" srcset=\"https:\/\/www.happybeezz.fr\/wp-content\/uploads\/2020\/11\/coquelicot_abeille-edited.jpg 800w, https:\/\/www.happybeezz.fr\/wp-content\/uploads\/2020\/11\/coquelicot_abeille-edited-300x225.jpg 300w, https:\/\/www.happybeezz.fr\/wp-content\/uploads\/2020\/11\/coquelicot_abeille-edited-768x576.jpg 768w\" sizes=\"(max-width: 800px) 100vw, 800px\" \/><\/figure>\n<\/div>\n<\/div>\n\n\n\n<figure class=\"wp-block-image size-large is-resized\"><img loading=\"lazy\" src=\"https:\/\/www.happybeezz.fr\/wp-content\/uploads\/2020\/11\/damien-tupinier-OFEvgVfr6iU-unsplash-1024x683.jpg\" alt=\"\" class=\"wp-image-59\" width=\"676\" height=\"451\" srcset=\"https:\/\/www.happybeezz.fr\/wp-content\/uploads\/2020\/11\/damien-tupinier-OFEvgVfr6iU-unsplash-1024x683.jpg 1024w, https:\/\/www.happybeezz.fr\/wp-content\/uploads\/2020\/11\/damien-tupinier-OFEvgVfr6iU-unsplash-300x200.jpg 300w, https:\/\/www.happybeezz.fr\/wp-content\/uploads\/2020\/11\/damien-tupinier-OFEvgVfr6iU-unsplash-768x512.jpg 768w, https:\/\/www.happybeezz.fr\/wp-content\/uploads\/2020\/11\/damien-tupinier-OFEvgVfr6iU-unsplash-1536x1024.jpg 1536w, https:\/\/www.happybeezz.fr\/wp-content\/uploads\/2020\/11\/damien-tupinier-OFEvgVfr6iU-unsplash-2048x1365.jpg 2048w, https:\/\/www.happybeezz.fr\/wp-content\/uploads\/2020\/11\/damien-tupinier-OFEvgVfr6iU-unsplash-380x253.jpg 380w\" sizes=\"(max-width: 676px) 100vw, 676px\" \/><\/figure>\n\n\n\n<div class=\"wp-block-group\"><div class=\"wp-block-group__inner-container\">\n<div class=\"wp-block-columns\">\n<div class=\"wp-block-column\">\n<div class=\"wp-block-buttons aligncenter\">\n<div class=\"wp-block-button\"><a class=\"wp-block-button__link has-vivid-green-cyan-background-color has-background\" href=\"https:\/\/www.happybeezz.fr\/index.php\/catalogue-des-ruches\/\">Retour au catalogue des ruches<\/a><\/div>\n<\/div>\n<\/div>\n\n\n\n<div class=\"wp-block-column\">\n<div class=\"wp-block-buttons aligncenter\">\n<div class=\"wp-block-button\"><a class=\"wp-block-button__link has-vivid-green-cyan-background-color has-background\" href=\"https:\/\/www.happybeezz.fr\/index.php\/parrainage\/formulaire-de-parrainage\/\">Parrainer ces abeilles<\/a><\/div>\n<\/div>\n\n\n\n<p><\/p>\n<\/div>\n<\/div>\n<\/div><\/div>\n\n\n\n<div class=\"wp-block-columns\">\n<div class=\"wp-block-column\"><\/div>\n\n\n\n<div class=\"wp-block-column\">\n<p><\/p>\n<\/div>\n\n\n\n<div class=\"wp-block-column\"><\/div>\n<\/div>\n\n\n\n<p><\/p>\n\n\n\n<p><\/p>\n","protected":false},"excerpt":{"rendered":"<p>Parrainage ruche coquelicot abeille happybeezz association<\/p>\n","protected":false},"author":1,"featured_media":249,"parent":80,"menu_order":0,"comment_status":"closed","ping_status":"closed","template":"page-templates\/contact.php","meta":[],"yoast_head":"<!-- This site is optimized with the Yoast SEO plugin v15.4 - https:\/\/yoast.com\/wordpress\/plugins\/seo\/ -->\n<title>Ruche Coquelicot - Association HappyBeezz<\/title>\n<meta name=\"robots\" content=\"index, follow, max-snippet:-1, max-image-preview:large, max-video-preview:-1\" \/>\n<link rel=\"canonical\" href=\"https:\/\/www.happybeezz.fr\/index.php\/catalogue-des-ruches\/ruche-coquelicot\/\" \/>\n<meta property=\"og:locale\" content=\"fr_FR\" \/>\n<meta property=\"og:type\" content=\"article\" \/>\n<meta property=\"og:title\" content=\"Ruche Coquelicot - Association HappyBeezz\" \/>\n<meta property=\"og:description\" content=\"Parrainage ruche coquelicot abeille happybeezz association\" \/>\n<meta property=\"og:url\" content=\"https:\/\/www.happybeezz.fr\/index.php\/catalogue-des-ruches\/ruche-coquelicot\/\" \/>\n<meta property=\"og:site_name\" content=\"Association HappyBeezz\" \/>\n<meta property=\"article:modified_time\" content=\"2020-11-10T12:01:21+00:00\" \/>\n<meta property=\"og:image\" content=\"https:\/\/www.happybeezz.fr\/wp-content\/uploads\/2020\/11\/coquelicot_abeille.jpg\" \/>\n\t<meta property=\"og:image:width\" content=\"800\" \/>\n\t<meta property=\"og:image:height\" content=\"753\" \/>\n<meta name=\"twitter:card\" content=\"summary_large_image\" \/>\n<meta name=\"twitter:label1\" content=\"\u00c9crit par\">\n\t<meta name=\"twitter:data1\" content=\"admin1224\">\n\t<meta name=\"twitter:label2\" content=\"Dur\u00e9e de lecture est.\">\n\t<meta name=\"twitter:data2\" content=\"0 minute\">\n<script type=\"application\/ld+json\" class=\"yoast-schema-graph\">{\"@context\":\"https:\/\/schema.org\",\"@graph\":[{\"@type\":\"Organization\",\"@id\":\"https:\/\/www.happybeezz.fr\/#organization\",\"name\":\"Happybeezz\",\"url\":\"https:\/\/www.happybeezz.fr\/\",\"sameAs\":[],\"logo\":{\"@type\":\"ImageObject\",\"@id\":\"https:\/\/www.happybeezz.fr\/#logo\",\"inLanguage\":\"fr-FR\",\"url\":\"https:\/\/www.happybeezz.fr\/wp-content\/uploads\/2020\/11\/Logo-HappyBeezz-Officiel.jpg\",\"width\":377,\"height\":402,\"caption\":\"Happybeezz\"},\"image\":{\"@id\":\"https:\/\/www.happybeezz.fr\/#logo\"}},{\"@type\":\"WebSite\",\"@id\":\"https:\/\/www.happybeezz.fr\/#website\",\"url\":\"https:\/\/www.happybeezz.fr\/\",\"name\":\"Association HappyBeezz\",\"description\":\"Agissez en faveur de la biodiviersit\\u00e9 et de l&#039;environnement en parrainant des abeilles d\\u00e8s maintenant\",\"publisher\":{\"@id\":\"https:\/\/www.happybeezz.fr\/#organization\"},\"potentialAction\":[{\"@type\":\"SearchAction\",\"target\":\"https:\/\/www.happybeezz.fr\/?s={search_term_string}\",\"query-input\":\"required name=search_term_string\"}],\"inLanguage\":\"fr-FR\"},{\"@type\":\"ImageObject\",\"@id\":\"https:\/\/www.happybeezz.fr\/index.php\/catalogue-des-ruches\/ruche-coquelicot\/#primaryimage\",\"inLanguage\":\"fr-FR\",\"url\":\"https:\/\/www.happybeezz.fr\/wp-content\/uploads\/2020\/11\/coquelicot_abeille.jpg\",\"width\":800,\"height\":753},{\"@type\":\"WebPage\",\"@id\":\"https:\/\/www.happybeezz.fr\/index.php\/catalogue-des-ruches\/ruche-coquelicot\/#webpage\",\"url\":\"https:\/\/www.happybeezz.fr\/index.php\/catalogue-des-ruches\/ruche-coquelicot\/\",\"name\":\"Ruche Coquelicot - Association HappyBeezz\",\"isPartOf\":{\"@id\":\"https:\/\/www.happybeezz.fr\/#website\"},\"primaryImageOfPage\":{\"@id\":\"https:\/\/www.happybeezz.fr\/index.php\/catalogue-des-ruches\/ruche-coquelicot\/#primaryimage\"},\"datePublished\":\"2020-11-03T20:22:19+00:00\",\"dateModified\":\"2020-11-10T12:01:21+00:00\",\"inLanguage\":\"fr-FR\",\"potentialAction\":[{\"@type\":\"ReadAction\",\"target\":[\"https:\/\/www.happybeezz.fr\/index.php\/catalogue-des-ruches\/ruche-coquelicot\/\"]}]}]}<\/script>\n<!-- \/ Yoast SEO plugin. -->","_links":{"self":[{"href":"https:\/\/www.happybeezz.fr\/index.php\/wp-json\/wp\/v2\/pages\/72"}],"collection":[{"href":"https:\/\/www.happybeezz.fr\/index.php\/wp-json\/wp\/v2\/pages"}],"about":[{"href":"https:\/\/www.happybeezz.fr\/index.php\/wp-json\/wp\/v2\/types\/page"}],"author":[{"embeddable":true,"href":"https:\/\/www.happybeezz.fr\/index.php\/wp-json\/wp\/v2\/users\/1"}],"replies":[{"embeddable":true,"href":"https:\/\/www.happybeezz.fr\/index.php\/wp-json\/wp\/v2\/comments?post=72"}],"version-history":[{"count":16,"href":"https:\/\/www.happybeezz.fr\/index.php\/wp-json\/wp\/v2\/pages\/72\/revisions"}],"predecessor-version":[{"id":357,"href":"https:\/\/www.happybeezz.fr\/index.php\/wp-json\/wp\/v2\/pages\/72\/revisions\/357"}],"up":[{"embeddable":true,"href":"https:\/\/www.happybeezz.fr\/index.php\/wp-json\/wp\/v2\/pages\/80"}],"wp:featuredmedia":[{"embeddable":true,"href":"https:\/\/www.happybeezz.fr\/index.php\/wp-json\/wp\/v2\/media\/249"}],"wp:attachment":[{"href":"https:\/\/www.happybeezz.fr\/index.php\/wp-json\/wp\/v2\/media?parent=72"}],"curies":[{"name":"wp","href":"https:\/\/api.w.org\/{rel}","templated":true}]}}