{"id":2,"date":"2020-10-16T19:51:16","date_gmt":"2020-10-16T17:51:16","guid":{"rendered":"http:\/\/happybeezz.fr\/?page_id=2"},"modified":"2022-05-29T22:16:49","modified_gmt":"2022-05-29T20:16:49","slug":"abeille-ruche-protection-environnement","status":"publish","type":"page","link":"https:\/\/www.happybeezz.fr\/","title":{"rendered":"Accueil"},"content":{"rendered":"\n<h2>Bienvenue chez HappyBeezz !!<\/h2>\n\n\n\n<figure class=\"wp-block-image size-large is-resized is-style-default\"><img loading=\"lazy\" src=\"https:\/\/www.happybeezz.fr\/wp-content\/uploads\/2020\/11\/header_les_abeilles_et_l_agriculture_2048x614-1024x307.jpg\" alt=\"\" class=\"wp-image-23\" width=\"1092\" height=\"327\" srcset=\"https:\/\/www.happybeezz.fr\/wp-content\/uploads\/2020\/11\/header_les_abeilles_et_l_agriculture_2048x614-1024x307.jpg 1024w, https:\/\/www.happybeezz.fr\/wp-content\/uploads\/2020\/11\/header_les_abeilles_et_l_agriculture_2048x614-300x90.jpg 300w, https:\/\/www.happybeezz.fr\/wp-content\/uploads\/2020\/11\/header_les_abeilles_et_l_agriculture_2048x614-768x230.jpg 768w, https:\/\/www.happybeezz.fr\/wp-content\/uploads\/2020\/11\/header_les_abeilles_et_l_agriculture_2048x614-1536x461.jpg 1536w, https:\/\/www.happybeezz.fr\/wp-content\/uploads\/2020\/11\/header_les_abeilles_et_l_agriculture_2048x614-380x114.jpg 380w, https:\/\/www.happybeezz.fr\/wp-content\/uploads\/2020\/11\/header_les_abeilles_et_l_agriculture_2048x614.jpg 2048w\" sizes=\"(max-width: 1092px) 100vw, 1092px\" \/><\/figure>\n\n\n\n<div class=\"wp-block-columns\">\n<div class=\"wp-block-column\"><\/div>\n\n\n\n<div class=\"wp-block-column\"><\/div>\n<\/div>\n\n\n\n<div class=\"wp-block-columns\">\n<div class=\"wp-block-column\">\n<div class=\"wp-block-ideabox-counter\"><div class=\"ib-counter-container\" style=\"text-align:center\"><div class=\"ib-counter\" style=\"font-size:40px;color:#000000;margin-bottom:15px\"><span class=\"ib-counter-number\" data-from-value=\"0\" data-to-value=\"585000\" data-delimiter=\".\" data-duration=\"2000\">0<\/span><\/div><div class=\"ib-counter-title\" style=\"font-size:20px;color:#00d084\"><strong>Abeilles d\u00e9j\u00e0 parrain\u00e9es<\/strong><\/div><\/div><\/div>\n<\/div>\n\n\n\n<div class=\"wp-block-column\">\n<div class=\"wp-block-ideabox-counter\"><div class=\"ib-counter-container\" style=\"text-align:center\"><div class=\"ib-counter\" style=\"font-size:40px;color:#000000;margin-bottom:15px\"><span class=\"ib-counter-number\" data-from-value=\"0\" data-to-value=\"13\" data-delimiter=\"none\" data-duration=\"2000\">0<\/span><\/div><div class=\"ib-counter-title\" style=\"font-size:20px;color:#00d084\"><strong>Ruches d\u00e9j\u00e0 cr\u00e9\u00e9es<\/strong><\/div><\/div><\/div>\n<\/div>\n\n\n\n<div class=\"wp-block-column\">\n<div class=\"wp-block-ideabox-counter\"><div class=\"ib-counter-container\" style=\"text-align:center\"><div class=\"ib-counter\" style=\"font-size:40px;color:#000000;margin-bottom:15px\"><span class=\"ib-counter-number\" data-from-value=\"0\" data-to-value=\"960000\" data-delimiter=\".\" data-duration=\"2000\">0<\/span><\/div><div class=\"ib-counter-title\" style=\"font-size:20px;color:#00d084\"><strong>Abeilles encore disponibles<\/strong><\/div><\/div><\/div>\n<\/div>\n<\/div>\n\n\n\n<p>Une pr\u00e9sentation de l&rsquo;association en quelques mots : <\/p>\n\n\n\n<blockquote class=\"wp-block-quote\"><p>HappyBeezz est une association Loi 1901 d&rsquo;int\u00e9r\u00eat g\u00e9n\u00e9ral et \u00e0 but non lucratif.<\/p><p>Nous nous engageons pour la d\u00e9fense de l&rsquo;environnement ainsi que pour la protection des abeilles.<\/p><\/blockquote>\n\n\n\n<p>HappyBeezz anime un rucher participatif auquel chacun peut contribuer en donnant vie \u00e0 des abeilles. <\/p>\n\n\n\n<blockquote class=\"wp-block-quote\"><p>L&rsquo;association rassemble toutes personnes sensibles aux th\u00e8mes de l\u2019environnement, averties ou non aux pratiques de l\u2019apiculture, dans un cadre bienveillant, modeste et dans la bonne humeur.<\/p><p>Vous avez la possibilit\u00e9 de nous rejoindre et de nous soutenir en <a href=\"https:\/\/www.happybeezz.fr\/index.php\/parrainage\/\" data-type=\"page\" data-id=\"90\">parrainant des abeilles<\/a> et ainsi cr\u00e9er de nouvelles ruches.<\/p><p>Vous pouvez aussi suivre une <a href=\"https:\/\/www.happybeezz.fr\/index.php\/initiation-a-lapiculture\/\" data-type=\"page\" data-id=\"404\">initiation \u00e0 l&rsquo;apiculture<\/a> pour vous familiariser aux activit\u00e9s de soin et d&rsquo;entretien des abeilles.<\/p><\/blockquote>\n\n\n\n<p>HappyBeezz a pour missions de : <\/p>\n\n\n\n<ul><li>Rechercher de nouvelles m\u00e9thodes apicoles pour favoriser la survie des abeilles et la protection de l\u2019environnement<\/li><li>\u00c9duquer et former au respect de l\u2019\u00e9cologie, de l\u2019environnement et sensibiliser \u00e0 l\u2019apiculture<\/li><\/ul>\n\n\n\n<p><\/p>\n\n\n\n<p>Pour en savoir plus sur notre association, cliquez sur la page <a href=\"https:\/\/www.happybeezz.fr\/index.php\/qui-sommes-nous\/\" data-type=\"page\" data-id=\"192\">Qui Sommes-nous?<\/a><\/p>\n\n\n\n<p><\/p>\n","protected":false},"excerpt":{"rendered":"<p>Bienvenue chez HappyBeezz !! Une pr\u00e9sentation de l&rsquo;association en quelques mots : HappyBeezz est une association Loi 1901 d&rsquo;int\u00e9r\u00eat g\u00e9n\u00e9ral et \u00e0 but non lucratif. Nous nous engageons pour la d\u00e9fense de l&rsquo;environnement ainsi que pour la protection des abeilles.<\/p>\n","protected":false},"author":1,"featured_media":0,"parent":0,"menu_order":0,"comment_status":"closed","ping_status":"open","template":"","meta":[],"yoast_head":"<!-- This site is optimized with the Yoast SEO plugin v15.4 - https:\/\/yoast.com\/wordpress\/plugins\/seo\/ -->\n<title>Association HappyBeezz : Agissez pour la protection des abeilles<\/title>\n<meta name=\"description\" content=\"HappyBeezz est une association d&#039;inter\u00eat g\u00e9n\u00e9ral qui vous propose de parrainer des abeilles et de d\u00e9couvrir l&#039;apiculture sur nos ruches.\" \/>\n<meta name=\"robots\" content=\"index, follow, max-snippet:-1, max-image-preview:large, max-video-preview:-1\" \/>\n<link rel=\"canonical\" href=\"https:\/\/www.happybeezz.fr\/\" \/>\n<meta property=\"og:locale\" content=\"fr_FR\" \/>\n<meta property=\"og:type\" content=\"article\" \/>\n<meta property=\"og:title\" content=\"La page Facebook d&#039;HappyBeezz\" \/>\n<meta property=\"og:description\" content=\"Vous trouverez l&#039;actualit\u00e9 de l&#039;association, des photos, des vid\u00e9os ainsi que tous les rendez-vous \u00e0 ne pas manquer\" \/>\n<meta property=\"og:url\" content=\"https:\/\/www.happybeezz.fr\/\" \/>\n<meta property=\"og:site_name\" content=\"Association HappyBeezz\" \/>\n<meta property=\"article:modified_time\" content=\"2022-05-29T20:16:49+00:00\" \/>\n<meta property=\"og:image\" content=\"https:\/\/www.happybeezz.fr\/wp-content\/uploads\/2020\/11\/beekeeper-2650663__480.jpg\" \/>\n\t<meta property=\"og:image:width\" content=\"719\" \/>\n\t<meta property=\"og:image:height\" content=\"480\" \/>\n<meta name=\"twitter:card\" content=\"summary_large_image\" \/>\n<meta name=\"twitter:label1\" content=\"\u00c9crit par\">\n\t<meta name=\"twitter:data1\" content=\"admin1224\">\n\t<meta name=\"twitter:label2\" content=\"Dur\u00e9e de lecture est.\">\n\t<meta name=\"twitter:data2\" content=\"1 minute\">\n<script type=\"application\/ld+json\" class=\"yoast-schema-graph\">{\"@context\":\"https:\/\/schema.org\",\"@graph\":[{\"@type\":\"Organization\",\"@id\":\"https:\/\/www.happybeezz.fr\/#organization\",\"name\":\"Happybeezz\",\"url\":\"https:\/\/www.happybeezz.fr\/\",\"sameAs\":[],\"logo\":{\"@type\":\"ImageObject\",\"@id\":\"https:\/\/www.happybeezz.fr\/#logo\",\"inLanguage\":\"fr-FR\",\"url\":\"https:\/\/www.happybeezz.fr\/wp-content\/uploads\/2020\/11\/Logo-HappyBeezz-Officiel.jpg\",\"width\":377,\"height\":402,\"caption\":\"Happybeezz\"},\"image\":{\"@id\":\"https:\/\/www.happybeezz.fr\/#logo\"}},{\"@type\":\"WebSite\",\"@id\":\"https:\/\/www.happybeezz.fr\/#website\",\"url\":\"https:\/\/www.happybeezz.fr\/\",\"name\":\"Association HappyBeezz\",\"description\":\"Agissez en faveur de la biodiviersit\\u00e9 et de l&#039;environnement en parrainant des abeilles d\\u00e8s maintenant\",\"publisher\":{\"@id\":\"https:\/\/www.happybeezz.fr\/#organization\"},\"potentialAction\":[{\"@type\":\"SearchAction\",\"target\":\"https:\/\/www.happybeezz.fr\/?s={search_term_string}\",\"query-input\":\"required name=search_term_string\"}],\"inLanguage\":\"fr-FR\"},{\"@type\":\"ImageObject\",\"@id\":\"https:\/\/www.happybeezz.fr\/#primaryimage\",\"inLanguage\":\"fr-FR\",\"url\":\"https:\/\/www.happybeezz.fr\/wp-content\/uploads\/2020\/11\/header_les_abeilles_et_l_agriculture_2048x614.jpg\",\"width\":2048,\"height\":614},{\"@type\":\"WebPage\",\"@id\":\"https:\/\/www.happybeezz.fr\/#webpage\",\"url\":\"https:\/\/www.happybeezz.fr\/\",\"name\":\"Association HappyBeezz : Agissez pour la protection des abeilles\",\"isPartOf\":{\"@id\":\"https:\/\/www.happybeezz.fr\/#website\"},\"primaryImageOfPage\":{\"@id\":\"https:\/\/www.happybeezz.fr\/#primaryimage\"},\"datePublished\":\"2020-10-16T17:51:16+00:00\",\"dateModified\":\"2022-05-29T20:16:49+00:00\",\"description\":\"HappyBeezz est une association d'inter\\u00eat g\\u00e9n\\u00e9ral qui vous propose de parrainer des abeilles et de d\\u00e9couvrir l'apiculture sur nos ruches.\",\"inLanguage\":\"fr-FR\",\"potentialAction\":[{\"@type\":\"ReadAction\",\"target\":[\"https:\/\/www.happybeezz.fr\/\"]}]}]}<\/script>\n<!-- \/ Yoast SEO plugin. -->","_links":{"self":[{"href":"https:\/\/www.happybeezz.fr\/index.php\/wp-json\/wp\/v2\/pages\/2"}],"collection":[{"href":"https:\/\/www.happybeezz.fr\/index.php\/wp-json\/wp\/v2\/pages"}],"about":[{"href":"https:\/\/www.happybeezz.fr\/index.php\/wp-json\/wp\/v2\/types\/page"}],"author":[{"embeddable":true,"href":"https:\/\/www.happybeezz.fr\/index.php\/wp-json\/wp\/v2\/users\/1"}],"replies":[{"embeddable":true,"href":"https:\/\/www.happybeezz.fr\/index.php\/wp-json\/wp\/v2\/comments?post=2"}],"version-history":[{"count":39,"href":"https:\/\/www.happybeezz.fr\/index.php\/wp-json\/wp\/v2\/pages\/2\/revisions"}],"predecessor-version":[{"id":582,"href":"https:\/\/www.happybeezz.fr\/index.php\/wp-json\/wp\/v2\/pages\/2\/revisions\/582"}],"wp:attachment":[{"href":"https:\/\/www.happybeezz.fr\/index.php\/wp-json\/wp\/v2\/media?parent=2"}],"curies":[{"name":"wp","href":"https:\/\/api.w.org\/{rel}","templated":true}]}}